{"id":94,"date":"2011-11-02T12:08:19","date_gmt":"2011-11-02T10:08:19","guid":{"rendered":"http:\/\/heart-surgery.at\/wordpress\/?page_id=94"},"modified":"2024-05-27T17:17:51","modified_gmt":"2024-05-27T15:17:51","slug":"innovationen","status":"publish","type":"page","link":"https:\/\/www.heart-surgery.at\/?page_id=94","title":{"rendered":"Innovationen"},"content":{"rendered":"<p>EIGENST\u00c4NDIGE INNOVATIONEN MIT RELEVANZ F\u00dcR KLINISCHE LEISTUNGEN, QUALIT\u00c4TSVERBESSERUNG UND PATIENTENMANAGEMENT<\/p>\n<p>A) Minimalinvasive Herzchirurgie<\/p>\n<p>1995 Weltweit erstmalige transmyokardiale Laserrevaskularisation mit einem Holmium\u2013YAG Laser (CARDIOGENESIS Inc.) am schlagenden Herzen \u00fcber li-laterale Minithorakotomie zur chirurgischen Behandlung der therapierefrakt\u00e4ren Angina Pektoris.<\/p>\n<p>1997 Erstmalige MIDCAB-Operation (minimalinavsiver Bypass mit LIMA auf LAD \u00fcber li-laterale Minithorakotomie) an der Abteilung Herz-Thoraxchiriurgie, Universit\u00e4t Wien<\/p>\n<p>2006 \u00d6sterreichweit erstmalige minimalinvasive Aortenklappenersatzoperation \u00fcber re-lat. Thorakotomie<\/p>\n<p>2007 \u00d6sterreichweit erstmalige minimalinvasive epikardiale MAZE-Operation mit dem Gemini Bipolar-System \u00fcber bilaterale Minithorakotomie<\/p>\n<p>B) sonstige Herzchirurgische Operationstechniken<\/p>\n<p>1992 Erste Herztransplantation an der Abteilung Herz-Gef\u00e4sschirurgie, Universit\u00e4t Freiburg<\/p>\n<p>1992 Erstmalige Implantation eines aortalen Homografts an der Abteilung Herz-Gef\u00e4sschirurgie, Universit\u00e4t Freiburg<\/p>\n<p>1999 Entwicklung, weltweit erstmalige und routinem\u00e4ssige klinische Anwendung einer neuen Technik zur Mitralklappenrekonstruktion bei einem Prolaps des vorderen Mitralklappensegels: Triangul\u00e4re Plikatur des vorderen Mitralsegels<br \/>\n(Triangular plication of the anterior mitral leaflet: a new operative technique. Ann Thorac Surg 2004; 78:e36-7)<\/p>\n<p>2001 \u00d6sterreichweit erstmalige kombinierte MAZE\u2013Operation (Kombination: chirurgische Schnittf\u00fchrung und Microwave-Ablation inklusive Zusatzeingriff) zur Behandlung des chronischen Vorhofflimmerns<\/p>\n<p>2004 Entwicklung und routinem\u00e4ssige Anwendung rekonstruktiver Verfahren unter Verwendung von autologen Perikardpatch bei florider Trikuspidalklappen-endokarditis.<br \/>\n(Midterm follow-up of tricuspid valve reconstruction due to active infective endocarditis. Ann Thorac Surg 2007; 84:1943-48)<\/p>\n<p>2008 Weltweit erstmalige Korrektur eines Vorhofseptumdefektes bei hochgradiger pulmonaler Hypertension und 10-monatiger Vorbehandlung mit Bosentan<br \/>\n(Atrial septal defect repair after a 10-month treatment with bosentan in a patient with severe pulmonary arterial hypertension: a case report.<br \/>\nJ Thorac Cardiovasc Surg 2009; 138:785-786)<\/p>\n<p>2010 Weltweit erstmalige kombinierte Operation eines Pulmonalarterien-aneurysmas mit Homograft-Implantation und Korrektur einer Trichterbrust (Case Report in Vorbereitung)<\/p>\n<p>C) Einf\u00fchrung und Implementierung neuer Medizintechnischer Produkte<\/p>\n<p>1997 \u00d6sterreichweit erstmalige Implantation der Freestyle Stentless Bioprothese<\/p>\n<p>1998 Weltweit erstmaliger Einsatz des pneumatisch betriebenen, biventrikul\u00e4ren Herzunterst\u00fctzungssystems (BI-VAD, CARDIO TECHNOLOGIES, Inc.)<\/p>\n<p>1999 \u00d6sterreichweit erstmalige Implantation der Freestyle \u201eextended root\u201c Stentless Bioprothese<\/p>\n<p>2002 Europaweit erstmalige Implantation des MC3-Tricuspidalklappenringes zur rekonstruktiven Behandlung der Trikuspidalklappeninsuffizienz<\/p>\n<p>2003 Weltweit zweite (\u00f6sterreichweit erstmalige) epikardiale MAZE-Operation zur Behandlung des chronischem Vorhofflimmerns mit dem \u201eULTRAMAZE-SYSTEM\u201c (Focused Ultrasound) am schlagenden Herzen ohne Herzlungen-maschine<\/p>\n<p>2006 \u00d6sterreichweit erstmalige Implantation des GC Future Annuloplasty Band zur Mitralklappenrekonstruktion<\/p>\n<p>2008 \u00d6sterreichweit erstmalige Implantation der Mosaic Ultra Bioprothese in Aortenposition<\/p>\n<p>2009 Erstmalige Implantation der Mosaic Ultra Mitral Bioprothese in Mitralposition an der Abteilung Herz-Thoraxchirurgie, Medizinische Universit\u00e4t Wien<\/p>\n<p>2010 Erstmalige Implantation der Perceval Sutureless Aortenklappenprothese an der Abteilung Herzchirurgie, Medizinische Universit\u00e4t Wien (10\/2010)<\/p>\n","protected":false},"excerpt":{"rendered":"<p>EIGENST\u00c4NDIGE INNOVATIONEN MIT RELEVANZ F\u00dcR KLINISCHE LEISTUNGEN, QUALIT\u00c4TSVERBESSERUNG UND PATIENTENMANAGEMENT A) Minimalinvasive Herzchirurgie 1995 Weltweit erstmalige transmyokardiale Laserrevaskularisation mit einem Holmium\u2013YAG Laser (CARDIOGENESIS Inc.) am schlagenden Herzen \u00fcber li-laterale Minithorakotomie zur chirurgischen Behandlung der therapierefrakt\u00e4ren Angina Pektoris. 1997 Erstmalige MIDCAB-Operation (minimalinavsiver Bypass mit LIMA auf LAD \u00fcber li-laterale Minithorakotomie) an der Abteilung Herz-Thoraxchiriurgie, Universit\u00e4t Wien [&hellip;]<\/p>\n","protected":false},"author":101013,"featured_media":0,"parent":29,"menu_order":4,"comment_status":"closed","ping_status":"open","template":"","meta":{"footnotes":""},"_links":{"self":[{"href":"https:\/\/www.heart-surgery.at\/index.php?rest_route=\/wp\/v2\/pages\/94"}],"collection":[{"href":"https:\/\/www.heart-surgery.at\/index.php?rest_route=\/wp\/v2\/pages"}],"about":[{"href":"https:\/\/www.heart-surgery.at\/index.php?rest_route=\/wp\/v2\/types\/page"}],"author":[{"embeddable":true,"href":"https:\/\/www.heart-surgery.at\/index.php?rest_route=\/wp\/v2\/users\/101013"}],"replies":[{"embeddable":true,"href":"https:\/\/www.heart-surgery.at\/index.php?rest_route=%2Fwp%2Fv2%2Fcomments&post=94"}],"version-history":[{"count":9,"href":"https:\/\/www.heart-surgery.at\/index.php?rest_route=\/wp\/v2\/pages\/94\/revisions"}],"predecessor-version":[{"id":207,"href":"https:\/\/www.heart-surgery.at\/index.php?rest_route=\/wp\/v2\/pages\/94\/revisions\/207"}],"up":[{"embeddable":true,"href":"https:\/\/www.heart-surgery.at\/index.php?rest_route=\/wp\/v2\/pages\/29"}],"wp:attachment":[{"href":"https:\/\/www.heart-surgery.at\/index.php?rest_route=%2Fwp%2Fv2%2Fmedia&parent=94"}],"curies":[{"name":"wp","href":"https:\/\/api.w.org\/{rel}","templated":true}]}}