{"id":185,"date":"2024-05-27T16:48:33","date_gmt":"2024-05-27T14:48:33","guid":{"rendered":"https:\/\/www.heart-surgery.at\/?page_id=185"},"modified":"2024-05-28T16:29:51","modified_gmt":"2024-05-28T14:29:51","slug":"contacts","status":"publish","type":"page","link":"https:\/\/www.heart-surgery.at\/?page_id=185&lang=en","title":{"rendered":"Contacts"},"content":{"rendered":"\n<p>UNIKLINIKUM SALZBURG<br>LANDESKRANKENHAUS SALZBURG<br>Klinik f\u00fcr Herzchirurgie<\/p>\n\n\n\n<p>M\u00fcllner Hauptstra\u00dfe 48, A-5020 Salzburg<br>Web: <a href=\"http:\/\/www.salk.at\">www.salk.at<\/a><br>Phone: +43 (0)5 7255 25300\/25301, +43 (0)5 7255 57507<\/p>\n\n\n\n<p>Email: <a href=\"mailto:\/\/r.seitelberger@salk.at\">r.seitelberger@salk.at<\/a><\/p>\n\n\n\n<!--more-->\n\n\n\n<p><br>PRIVATE PRAXIS<\/p>\n\n\n\n<p>Address:<\/p>\n\n\n\n<p>Gesundheitszentrum Aigen<br>Pr\u00e4lat-Winkler-Stra\u00dfe 8<br>A &#8211; 5020 Salzburg<\/p>\n\n\n\n<p>Anmeldung: +43 (0) 662 624613<br>Fax: +43 (0) 662 624613<\/p>\n\n\n\n<p>Web: www.gesundheitszentrum-aigen.at<br>Email: rainald.seitelberger@heart-surgery.at<\/p>\n\n\n\n<p>PRIVATE<\/p>\n\n\n\n<p>Addresses:<\/p>\n\n\n\n<p>Nonntaler Hauptstra\u00dfe 49, Top 7, A-5020 Salzburg<\/p>\n\n\n\n<p>Keylwerthgasse 16, A-1190 Vienna<br>Mobile: +43 676 899 725 300<\/p>\n\n\n\n<p>Email <a href=\"mailto:\/\/rainald.seitelberger@heart-surgery.at\">rainald.seitelberger@heart-surgery.at<\/a><\/p>\n","protected":false},"excerpt":{"rendered":"<p>UNIKLINIKUM SALZBURGLANDESKRANKENHAUS SALZBURGKlinik f\u00fcr Herzchirurgie M\u00fcllner Hauptstra\u00dfe 48, A-5020 SalzburgWeb: www.salk.atPhone: +43 (0)5 7255 25300\/25301, +43 (0)5 7255 57507 Email: r.seitelberger@salk.at<\/p>\n","protected":false},"author":101013,"featured_media":0,"parent":177,"menu_order":1,"comment_status":"closed","ping_status":"closed","template":"","meta":{"footnotes":""},"_links":{"self":[{"href":"https:\/\/www.heart-surgery.at\/index.php?rest_route=\/wp\/v2\/pages\/185"}],"collection":[{"href":"https:\/\/www.heart-surgery.at\/index.php?rest_route=\/wp\/v2\/pages"}],"about":[{"href":"https:\/\/www.heart-surgery.at\/index.php?rest_route=\/wp\/v2\/types\/page"}],"author":[{"embeddable":true,"href":"https:\/\/www.heart-surgery.at\/index.php?rest_route=\/wp\/v2\/users\/101013"}],"replies":[{"embeddable":true,"href":"https:\/\/www.heart-surgery.at\/index.php?rest_route=%2Fwp%2Fv2%2Fcomments&post=185"}],"version-history":[{"count":3,"href":"https:\/\/www.heart-surgery.at\/index.php?rest_route=\/wp\/v2\/pages\/185\/revisions"}],"predecessor-version":[{"id":193,"href":"https:\/\/www.heart-surgery.at\/index.php?rest_route=\/wp\/v2\/pages\/185\/revisions\/193"}],"up":[{"embeddable":true,"href":"https:\/\/www.heart-surgery.at\/index.php?rest_route=\/wp\/v2\/pages\/177"}],"wp:attachment":[{"href":"https:\/\/www.heart-surgery.at\/index.php?rest_route=%2Fwp%2Fv2%2Fmedia&parent=185"}],"curies":[{"name":"wp","href":"https:\/\/api.w.org\/{rel}","templated":true}]}}